{"id":2773,"date":"2023-07-11T16:10:48","date_gmt":"2023-07-11T21:10:48","guid":{"rendered":"https:\/\/manoirkanisha.com\/?page_id=2773"},"modified":"2024-07-08T14:40:14","modified_gmt":"2024-07-08T19:40:14","slug":"links","status":"publish","type":"page","link":"https:\/\/manoirkanisha.com\/en\/links\/","title":{"rendered":"Links"},"content":{"rendered":"<h1 class=\"post-title\">Links<\/h1>\n<h3>Dog Proofing your home and yard:<\/h3>\n<p><a href=\"https:\/\/www.homeadvisor.com\/r\/pet-proofing-home-yard\/\">https:\/\/www.homeadvisor.com\/r\/pet-proofing-home-yard\/<\/a><\/p>\n<p>&nbsp;<\/p>\n<h3>Dogs : Associations, Breeds<\/h3>\n<p>Canadian Kennel Club (Dogs) :\u00a0\u00a0\u00a0\u00a0\u00a0\u00a0\u00a0\u00a0\u00a0 \u00a0<a href=\"https:\/\/www.ckc.ca\/en\/\">https:\/\/www.ckc.ca\/en\/<\/a><\/p>\n<p>American Kennel Club:\u00a0\u00a0\u00a0\u00a0\u00a0\u00a0\u00a0\u00a0\u00a0\u00a0\u00a0\u00a0\u00a0\u00a0\u00a0\u00a0\u00a0\u00a0\u00a0\u00a0\u00a0\u00a0 \u00a0<a href=\"https:\/\/www.akc.org\/\">https:\/\/www.akc.org<\/a><\/p>\n<p>FAMILY DOGS (American Kennel Club):\u00a0\u00a0https:\/\/viewer.zmags.com\/publication\/a98cd2f9.<\/p>\n<p>American Kennel Club Gazette:\u00a0\u00a0\u00a0https:\/\/viewer.zmags.com\/publication\/78ac4122#\/78ac4122\/1<\/p>\n<p>&nbsp;<\/p>\n<h3>Training : Obedience, Agility<\/h3>\n<p>LDTA (Lakeshore Dog Training Association):\u00a0<a href=\"https:\/\/www.ldta.ca\/\" target=\"_blank\" rel=\"noopener\">https:\/\/www.ldta.ca<\/a><\/p>\n<p>&nbsp;<\/p>\n<h3>Dog Rescue Organisations:<\/h3>\n<p>A.R.N. \u00a0(Animal Rescue Network) : \u00a0 \u00a0 \u00a0 \u00a0\u00a0<a href=\"https:\/\/www.animalrescuenetwork.org\/\" target=\"_blank\" rel=\"noopener\">https:\/\/www.animalrescuenetwork.org\/<\/a><\/p>\n<p>Animatch Rescue: \u00a0 \u00a0 \u00a0 \u00a0 \u00a0 \u00a0 \u00a0 \u00a0https:\/\/animatch.ca<\/p>\n<p>SPCA (Society for the Prevention of Cruelty to Animals) : \u00a0<a href=\"https:\/\/www.spca.com\/\" target=\"_blank\" rel=\"noopener\">https:\/\/www.spca.com<\/a><\/p>\n<p>TPDR \u00a0(Tiny Paws Dog Rescue Canada) : \u00a0 https:\/\/www.tpdr.ca\/<\/p>\n<p>&nbsp;<\/p>\n<h3>Cats : Associations, Breeds<\/h3>\n<p>Canadian Cat Association (Cats):\u00a0\u00a0\u00a0\u00a0\u00a0\u00a0\u00a0\u00a0<a href=\"https:\/\/www.cca-afc.com\/\">https:\/\/www.cca-afc.com\/<\/a><\/p>\n<p>&nbsp;<\/p>\n<h3>Cat Rescue organisation:<\/h3>\n<p>CCA ( Canadian Cat Association) :\u00a0<a href=\"https:\/\/www.cca-afc.com\/\" target=\"_blank\" rel=\"noopener\">https:\/\/www.cca-afc.com\/<\/a><\/p>\n<p>&nbsp;<\/p>\n<h3>\u201cOther Pets\u201d Organisation:<\/h3>\n<p>Rabbit Rescue: \u00a0 \u00a0 \u00a0 \u00a0 \u00a0 \u00a0 \u00a0 \u00a0 \u00a0\u00a0<a href=\"https:\/\/www.secourslapinsquebec.org\/\" target=\"_blank\" rel=\"noopener\">https:\/\/www.secourslapinsquebec.org\/<\/a><\/p>\n<p>&nbsp;<\/p>\n<h3>Relocation Association<\/h3>\n<p>IPATA (International Pet and Animal Transportation Association):\u00a0\u00a0\u00a0\u00a0\u00a0\u00a0\u00a0\u00a0\u00a0\u00a0\u00a0\u00a0\u00a0<a href=\"https:\/\/www.ipata.org\/\">https:\/\/www.ipata.org<\/a><\/p>\n<p>AATA ( Animal Transportation Association): \u00a0<a href=\"https:\/\/www.animaltransportationassociation.org\/\">https:\/\/www.animaltransportationassociation.org\/<\/a><\/p>\n<p>IATA (International Air Transportation Association): \u00a0 \u00a0\u00a0<a href=\"https:\/\/www.iata.org\/\" target=\"_blank\" rel=\"noopener\">https:\/\/www.iata.org<\/a><\/p>\n<p>&nbsp;<\/p>\n<h3>Veterinary Services<\/h3>\n<p>Centre V\u00e9t\u00e9rinaire DMV:\u00a0<a href=\"https:\/\/www.centredmv.com\/\">https:\/\/www.centredmv.com<\/a><\/p>\n<p>Ordre des m\u00e9decins v\u00e9t\u00e9rinaires du Qu\u00e9bec:\u00a0\u00a0\u00a0\u00a0\u00a0\u00a0\u00a0\u00a0\u00a0\u00a0\u00a0\u00a0\u00a0\u00a0\u00a0 \u00a0<a href=\"https:\/\/www.omvq.qc.ca\/\">https:\/\/www.omvq.qc.ca\/<\/a><\/p>\n<p>Montreal Veterinary Hospital\u2026\u00a0<span lang=\"FR-CA\">The small team with a big heart\u00a0\u00a0\u00a0\u00a0\u00a0\u00a0\u00a0\u00a0\u00a0\u00a0\u00a0\u00a0<\/span><a href=\"https:\/\/www.veterinairedemontreal.com\/\">https:\/\/www.veterinairedemontreal.com<\/a><span lang=\"FR-CA\"><br \/>\n<\/span>Specialised veterinary services for dogs &amp; cats, dentistery, cat boarding, veterinary acupunture. Warm services with high quality care:<\/p>\n<p>&nbsp;<\/p>\n<h3>Magazines:<\/h3>\n<p>FAMILY DOGS (American Kennel Club):\u00a0https:\/\/viewer.zmags.com\/publication\/a98cd2f9.<\/p>\n<p>American Kennel Club Gazette:\u00a0\u00a0\u00a0https:\/\/viewer.zmags.com\/publication\/78ac4122#\/78ac4122\/1<\/p>\n<p>&nbsp;<\/p>\n<h3>Others, Events<\/h3>\n<p>SALON NATIONAL DES ANIMAUX DE COMPAGNIE:\u00a0\u00a0\u00a0\u00a0\u00a0\u00a0\u00a0\u00a0\u00a0\u00a0<a href=\"https:\/\/www.snac.ca\/\">https:\/\/www.snac.ca\/<\/a><\/p>\n","protected":false},"excerpt":{"rendered":"<p>Links Dog Proofing your home and yard: https:\/\/www.homeadvisor.com\/r\/pet-proofing-home-yard\/ &nbsp; Dogs : Associations, Breeds Canadian Kennel Club (Dogs) :\u00a0\u00a0\u00a0\u00a0\u00a0\u00a0\u00a0\u00a0\u00a0 \u00a0https:\/\/www.ckc.ca\/en\/ American Kennel Club:\u00a0\u00a0\u00a0\u00a0\u00a0\u00a0\u00a0\u00a0\u00a0\u00a0\u00a0\u00a0\u00a0\u00a0\u00a0\u00a0\u00a0\u00a0\u00a0\u00a0\u00a0\u00a0 \u00a0https:\/\/www.akc.org FAMILY DOGS (American Kennel Club):\u00a0\u00a0https:\/\/viewer.zmags.com\/publication\/a98cd2f9. American Kennel Club Gazette:\u00a0\u00a0\u00a0https:\/\/viewer.zmags.com\/publication\/78ac4122#\/78ac4122\/1 &nbsp; Training : Obedience, Agility LDTA (Lakeshore Dog<span class=\"ellipsis\">&hellip;<\/span><\/p>\n<div class=\"read-more\"><a href=\"https:\/\/manoirkanisha.com\/en\/links\/\">Read more &#8250;<\/a><\/div>\n<p><!-- end of .read-more --><\/p>\n","protected":false},"author":2,"featured_media":1304,"parent":0,"menu_order":0,"comment_status":"closed","ping_status":"closed","template":"","meta":{"_et_pb_use_builder":"","_et_pb_old_content":"","_et_gb_content_width":"","footnotes":""},"class_list":["post-2773","page","type-page","status-publish","has-post-thumbnail","hentry"],"yoast_head":"<!-- This site is optimized with the Yoast SEO plugin v27.5 - https:\/\/yoast.com\/product\/yoast-seo-wordpress\/ -->\n<title>Links - Manoir Kanisha<\/title>\n<meta name=\"robots\" content=\"index, follow, max-snippet:-1, max-image-preview:large, max-video-preview:-1\" \/>\n<link rel=\"canonical\" href=\"https:\/\/manoirkanisha.com\/en\/links\/\" \/>\n<meta property=\"og:locale\" content=\"en_US\" \/>\n<meta property=\"og:type\" content=\"article\" \/>\n<meta property=\"og:title\" content=\"Links - Manoir Kanisha\" \/>\n<meta property=\"og:description\" content=\"Links Dog Proofing your home and yard: https:\/\/www.homeadvisor.com\/r\/pet-proofing-home-yard\/ &nbsp; Dogs : Associations, Breeds Canadian Kennel Club (Dogs) :\u00a0\u00a0\u00a0\u00a0\u00a0\u00a0\u00a0\u00a0\u00a0 \u00a0https:\/\/www.ckc.ca\/en\/ American Kennel Club:\u00a0\u00a0\u00a0\u00a0\u00a0\u00a0\u00a0\u00a0\u00a0\u00a0\u00a0\u00a0\u00a0\u00a0\u00a0\u00a0\u00a0\u00a0\u00a0\u00a0\u00a0\u00a0 \u00a0https:\/\/www.akc.org FAMILY DOGS (American Kennel Club):\u00a0\u00a0https:\/\/viewer.zmags.com\/publication\/a98cd2f9. American Kennel Club Gazette:\u00a0\u00a0\u00a0https:\/\/viewer.zmags.com\/publication\/78ac4122#\/78ac4122\/1 &nbsp; Training : Obedience, Agility LDTA (Lakeshore Dog&hellip;Read more &#8250;\" \/>\n<meta property=\"og:url\" content=\"https:\/\/manoirkanisha.com\/en\/links\/\" \/>\n<meta property=\"og:site_name\" content=\"Manoir Kanisha\" \/>\n<meta property=\"article:publisher\" content=\"https:\/\/www.facebook.com\/ManoirKanisha\/\" \/>\n<meta property=\"article:modified_time\" content=\"2024-07-08T19:40:14+00:00\" \/>\n<meta property=\"og:image\" content=\"https:\/\/manoirkanisha.com\/wp-content\/uploads\/kennel-building-chenil-edifice-manoir-kanisha-6662Gxx-scaled-1-e1689687239332.jpg\" \/>\n\t<meta property=\"og:image:width\" content=\"1200\" \/>\n\t<meta property=\"og:image:height\" content=\"800\" \/>\n\t<meta property=\"og:image:type\" content=\"image\/jpeg\" \/>\n<meta name=\"twitter:card\" content=\"summary_large_image\" \/>\n<meta name=\"twitter:label1\" content=\"Est. reading time\" \/>\n\t<meta name=\"twitter:data1\" content=\"1 minute\" \/>\n<script type=\"application\/ld+json\" class=\"yoast-schema-graph\">{\"@context\":\"https:\\\/\\\/schema.org\",\"@graph\":[{\"@type\":\"WebPage\",\"@id\":\"https:\\\/\\\/manoirkanisha.com\\\/en\\\/links\\\/\",\"url\":\"https:\\\/\\\/manoirkanisha.com\\\/en\\\/links\\\/\",\"name\":\"Links - Manoir Kanisha\",\"isPartOf\":{\"@id\":\"https:\\\/\\\/manoirkanisha.com\\\/en\\\/#website\"},\"primaryImageOfPage\":{\"@id\":\"https:\\\/\\\/manoirkanisha.com\\\/en\\\/links\\\/#primaryimage\"},\"image\":{\"@id\":\"https:\\\/\\\/manoirkanisha.com\\\/en\\\/links\\\/#primaryimage\"},\"thumbnailUrl\":\"https:\\\/\\\/manoirkanisha.com\\\/wp-content\\\/uploads\\\/kennel-building-chenil-edifice-manoir-kanisha-6662Gxx-scaled-1-e1689687239332.jpg\",\"datePublished\":\"2023-07-11T21:10:48+00:00\",\"dateModified\":\"2024-07-08T19:40:14+00:00\",\"breadcrumb\":{\"@id\":\"https:\\\/\\\/manoirkanisha.com\\\/en\\\/links\\\/#breadcrumb\"},\"inLanguage\":\"en-US\",\"potentialAction\":[{\"@type\":\"ReadAction\",\"target\":[\"https:\\\/\\\/manoirkanisha.com\\\/en\\\/links\\\/\"]}]},{\"@type\":\"ImageObject\",\"inLanguage\":\"en-US\",\"@id\":\"https:\\\/\\\/manoirkanisha.com\\\/en\\\/links\\\/#primaryimage\",\"url\":\"https:\\\/\\\/manoirkanisha.com\\\/wp-content\\\/uploads\\\/kennel-building-chenil-edifice-manoir-kanisha-6662Gxx-scaled-1-e1689687239332.jpg\",\"contentUrl\":\"https:\\\/\\\/manoirkanisha.com\\\/wp-content\\\/uploads\\\/kennel-building-chenil-edifice-manoir-kanisha-6662Gxx-scaled-1-e1689687239332.jpg\",\"width\":1200,\"height\":800},{\"@type\":\"BreadcrumbList\",\"@id\":\"https:\\\/\\\/manoirkanisha.com\\\/en\\\/links\\\/#breadcrumb\",\"itemListElement\":[{\"@type\":\"ListItem\",\"position\":1,\"name\":\"Home\",\"item\":\"https:\\\/\\\/manoirkanisha.com\\\/en\\\/\"},{\"@type\":\"ListItem\",\"position\":2,\"name\":\"Links\"}]},{\"@type\":\"WebSite\",\"@id\":\"https:\\\/\\\/manoirkanisha.com\\\/en\\\/#website\",\"url\":\"https:\\\/\\\/manoirkanisha.com\\\/en\\\/\",\"name\":\"Manoir Kanisha\",\"description\":\"Pension pour chiens, Pension pour chats, Toilettage - Dorval, Montr\u00e9al, Qu\u00e9bec\",\"publisher\":{\"@id\":\"https:\\\/\\\/manoirkanisha.com\\\/en\\\/#organization\"},\"potentialAction\":[{\"@type\":\"SearchAction\",\"target\":{\"@type\":\"EntryPoint\",\"urlTemplate\":\"https:\\\/\\\/manoirkanisha.com\\\/en\\\/?s={search_term_string}\"},\"query-input\":{\"@type\":\"PropertyValueSpecification\",\"valueRequired\":true,\"valueName\":\"search_term_string\"}}],\"inLanguage\":\"en-US\"},{\"@type\":\"Organization\",\"@id\":\"https:\\\/\\\/manoirkanisha.com\\\/en\\\/#organization\",\"name\":\"Manoir Kanisha\",\"url\":\"https:\\\/\\\/manoirkanisha.com\\\/en\\\/\",\"logo\":{\"@type\":\"ImageObject\",\"inLanguage\":\"en-US\",\"@id\":\"https:\\\/\\\/manoirkanisha.com\\\/en\\\/#\\\/schema\\\/logo\\\/image\\\/\",\"url\":\"https:\\\/\\\/manoirkanisha.com\\\/wp-content\\\/uploads\\\/logo-manoir-kanisha-1200.png\",\"contentUrl\":\"https:\\\/\\\/manoirkanisha.com\\\/wp-content\\\/uploads\\\/logo-manoir-kanisha-1200.png\",\"width\":1200,\"height\":628,\"caption\":\"Manoir Kanisha\"},\"image\":{\"@id\":\"https:\\\/\\\/manoirkanisha.com\\\/en\\\/#\\\/schema\\\/logo\\\/image\\\/\"},\"sameAs\":[\"https:\\\/\\\/www.facebook.com\\\/ManoirKanisha\\\/\"]}]}<\/script>\n<!-- \/ Yoast SEO plugin. -->","yoast_head_json":{"title":"Links - Manoir Kanisha","robots":{"index":"index","follow":"follow","max-snippet":"max-snippet:-1","max-image-preview":"max-image-preview:large","max-video-preview":"max-video-preview:-1"},"canonical":"https:\/\/manoirkanisha.com\/en\/links\/","og_locale":"en_US","og_type":"article","og_title":"Links - Manoir Kanisha","og_description":"Links Dog Proofing your home and yard: https:\/\/www.homeadvisor.com\/r\/pet-proofing-home-yard\/ &nbsp; Dogs : Associations, Breeds Canadian Kennel Club (Dogs) :\u00a0\u00a0\u00a0\u00a0\u00a0\u00a0\u00a0\u00a0\u00a0 \u00a0https:\/\/www.ckc.ca\/en\/ American Kennel Club:\u00a0\u00a0\u00a0\u00a0\u00a0\u00a0\u00a0\u00a0\u00a0\u00a0\u00a0\u00a0\u00a0\u00a0\u00a0\u00a0\u00a0\u00a0\u00a0\u00a0\u00a0\u00a0 \u00a0https:\/\/www.akc.org FAMILY DOGS (American Kennel Club):\u00a0\u00a0https:\/\/viewer.zmags.com\/publication\/a98cd2f9. American Kennel Club Gazette:\u00a0\u00a0\u00a0https:\/\/viewer.zmags.com\/publication\/78ac4122#\/78ac4122\/1 &nbsp; Training : Obedience, Agility LDTA (Lakeshore Dog&hellip;Read more &#8250;","og_url":"https:\/\/manoirkanisha.com\/en\/links\/","og_site_name":"Manoir Kanisha","article_publisher":"https:\/\/www.facebook.com\/ManoirKanisha\/","article_modified_time":"2024-07-08T19:40:14+00:00","og_image":[{"width":1200,"height":800,"url":"https:\/\/manoirkanisha.com\/wp-content\/uploads\/kennel-building-chenil-edifice-manoir-kanisha-6662Gxx-scaled-1-e1689687239332.jpg","type":"image\/jpeg"}],"twitter_card":"summary_large_image","twitter_misc":{"Est. reading time":"1 minute"},"schema":{"@context":"https:\/\/schema.org","@graph":[{"@type":"WebPage","@id":"https:\/\/manoirkanisha.com\/en\/links\/","url":"https:\/\/manoirkanisha.com\/en\/links\/","name":"Links - Manoir Kanisha","isPartOf":{"@id":"https:\/\/manoirkanisha.com\/en\/#website"},"primaryImageOfPage":{"@id":"https:\/\/manoirkanisha.com\/en\/links\/#primaryimage"},"image":{"@id":"https:\/\/manoirkanisha.com\/en\/links\/#primaryimage"},"thumbnailUrl":"https:\/\/manoirkanisha.com\/wp-content\/uploads\/kennel-building-chenil-edifice-manoir-kanisha-6662Gxx-scaled-1-e1689687239332.jpg","datePublished":"2023-07-11T21:10:48+00:00","dateModified":"2024-07-08T19:40:14+00:00","breadcrumb":{"@id":"https:\/\/manoirkanisha.com\/en\/links\/#breadcrumb"},"inLanguage":"en-US","potentialAction":[{"@type":"ReadAction","target":["https:\/\/manoirkanisha.com\/en\/links\/"]}]},{"@type":"ImageObject","inLanguage":"en-US","@id":"https:\/\/manoirkanisha.com\/en\/links\/#primaryimage","url":"https:\/\/manoirkanisha.com\/wp-content\/uploads\/kennel-building-chenil-edifice-manoir-kanisha-6662Gxx-scaled-1-e1689687239332.jpg","contentUrl":"https:\/\/manoirkanisha.com\/wp-content\/uploads\/kennel-building-chenil-edifice-manoir-kanisha-6662Gxx-scaled-1-e1689687239332.jpg","width":1200,"height":800},{"@type":"BreadcrumbList","@id":"https:\/\/manoirkanisha.com\/en\/links\/#breadcrumb","itemListElement":[{"@type":"ListItem","position":1,"name":"Home","item":"https:\/\/manoirkanisha.com\/en\/"},{"@type":"ListItem","position":2,"name":"Links"}]},{"@type":"WebSite","@id":"https:\/\/manoirkanisha.com\/en\/#website","url":"https:\/\/manoirkanisha.com\/en\/","name":"Manoir Kanisha","description":"Pension pour chiens, Pension pour chats, Toilettage - Dorval, Montr\u00e9al, Qu\u00e9bec","publisher":{"@id":"https:\/\/manoirkanisha.com\/en\/#organization"},"potentialAction":[{"@type":"SearchAction","target":{"@type":"EntryPoint","urlTemplate":"https:\/\/manoirkanisha.com\/en\/?s={search_term_string}"},"query-input":{"@type":"PropertyValueSpecification","valueRequired":true,"valueName":"search_term_string"}}],"inLanguage":"en-US"},{"@type":"Organization","@id":"https:\/\/manoirkanisha.com\/en\/#organization","name":"Manoir Kanisha","url":"https:\/\/manoirkanisha.com\/en\/","logo":{"@type":"ImageObject","inLanguage":"en-US","@id":"https:\/\/manoirkanisha.com\/en\/#\/schema\/logo\/image\/","url":"https:\/\/manoirkanisha.com\/wp-content\/uploads\/logo-manoir-kanisha-1200.png","contentUrl":"https:\/\/manoirkanisha.com\/wp-content\/uploads\/logo-manoir-kanisha-1200.png","width":1200,"height":628,"caption":"Manoir Kanisha"},"image":{"@id":"https:\/\/manoirkanisha.com\/en\/#\/schema\/logo\/image\/"},"sameAs":["https:\/\/www.facebook.com\/ManoirKanisha\/"]}]}},"_links":{"self":[{"href":"https:\/\/manoirkanisha.com\/en\/wp-json\/wp\/v2\/pages\/2773","targetHints":{"allow":["GET"]}}],"collection":[{"href":"https:\/\/manoirkanisha.com\/en\/wp-json\/wp\/v2\/pages"}],"about":[{"href":"https:\/\/manoirkanisha.com\/en\/wp-json\/wp\/v2\/types\/page"}],"author":[{"embeddable":true,"href":"https:\/\/manoirkanisha.com\/en\/wp-json\/wp\/v2\/users\/2"}],"replies":[{"embeddable":true,"href":"https:\/\/manoirkanisha.com\/en\/wp-json\/wp\/v2\/comments?post=2773"}],"version-history":[{"count":4,"href":"https:\/\/manoirkanisha.com\/en\/wp-json\/wp\/v2\/pages\/2773\/revisions"}],"predecessor-version":[{"id":28479,"href":"https:\/\/manoirkanisha.com\/en\/wp-json\/wp\/v2\/pages\/2773\/revisions\/28479"}],"wp:featuredmedia":[{"embeddable":true,"href":"https:\/\/manoirkanisha.com\/en\/wp-json\/wp\/v2\/media\/1304"}],"wp:attachment":[{"href":"https:\/\/manoirkanisha.com\/en\/wp-json\/wp\/v2\/media?parent=2773"}],"curies":[{"name":"wp","href":"https:\/\/api.w.org\/{rel}","templated":true}]}}