{"id":28785,"date":"2025-01-18T12:31:50","date_gmt":"2025-01-18T17:31:50","guid":{"rendered":"https:\/\/manoirkanisha.com\/?page_id=28785"},"modified":"2025-07-05T18:46:38","modified_gmt":"2025-07-05T22:46:38","slug":"notice","status":"publish","type":"page","link":"https:\/\/manoirkanisha.com\/en\/notice\/","title":{"rendered":"Notice"},"content":{"rendered":"<p>[et_pb_section fb_built=&#8221;1&#8243; _builder_version=&#8221;4.27.3&#8243; _module_preset=&#8221;default&#8221; global_colors_info=&#8221;{}&#8221;][et_pb_row _builder_version=&#8221;4.27.3&#8243; _module_preset=&#8221;default&#8221; max_width=&#8221;796px&#8221; global_colors_info=&#8221;{}&#8221;][et_pb_column type=&#8221;4_4&#8243; _builder_version=&#8221;4.27.3&#8243; _module_preset=&#8221;default&#8221; global_colors_info=&#8221;{}&#8221;][et_pb_text _builder_version=&#8221;4.27.3&#8243; _module_preset=&#8221;default&#8221; text_font=&#8221;Times New Roman||||||||&#8221; text_text_color=&#8221;#000000&#8243; text_font_size=&#8221;18px&#8221; text_line_height=&#8221;3em&#8221; header_2_font=&#8221;|700|||||||&#8221; header_2_text_align=&#8221;center&#8221; header_2_text_color=&#8221;#0C71C3&#8243; header_2_line_height=&#8221;2.2em&#8221; header_3_text_align=&#8221;center&#8221; header_3_line_height=&#8221;2em&#8221; header_4_font_size=&#8221;14px&#8221; header_4_line_height=&#8221;3em&#8221; custom_css_free_form=&#8221;p{line-height:25px;padding-bottom:20px !important}||h4{line-height:18px !important;}||h2{line-height:22px !important;padding-bottom:50px !important}||.headermenu2title {||    margin-top: -0px !important;||    margin-bottom: 25px !important;||    font-size: 14px;||    text-align: center;||    line-height: 15px;||    color: #fff;||}&#8221; global_colors_info=&#8221;{}&#8221; custom_padding=&#8221;||1px|||&#8221;]<\/p>\n<h2>Manoir Kanisha will close its doors on January 31st 2025<\/h2>\n<h4>PRESS RELEASE: Written by A\u00c9ROPORT DE MONTR\u00c9AL<\/h4>\n<p>After 35 years of Pet Boarding and International Pet Relocation services, Manoir Kanisha will cease its activities as of January 31, 2025. ADM, A\u00e9roports de Montr\u00e9al, has informed us that they must reclaim these local strategic areas for airport use. Although this situation saddens us, we understand that ADM must prioritize its users and maintain their level of service. In this context, we have decided not to relocate our activities to another site. We want to thank our dedicated employees who have provided excellent care to thousands of animals. We are very grateful to our loyal customers who have used our various services during the last 35 years. Manoir Kanisha, January 10, 2025<\/p>\n<p style=\"text-align: center;\">*****<\/p>\n<h4>PLEASE NOTE:<\/h4>\n<h4>Unused days from the 28-DAY-PREPAID PACKAGES will be refunded after March 31, 2025.<\/h4>\n<p>[\/et_pb_text][\/et_pb_column][\/et_pb_row][et_pb_row disabled_on=&#8221;on|on|on&#8221; _builder_version=&#8221;4.27.3&#8243; _module_preset=&#8221;default&#8221; max_width=&#8221;796px&#8221; disabled=&#8221;on&#8221; global_colors_info=&#8221;{}&#8221;][et_pb_column type=&#8221;4_4&#8243; _builder_version=&#8221;4.27.3&#8243; _module_preset=&#8221;default&#8221; global_colors_info=&#8221;{}&#8221;][et_pb_text disabled_on=&#8221;on|on|on&#8221; _builder_version=&#8221;4.27.3&#8243; _module_preset=&#8221;default&#8221; text_font_size=&#8221;20px&#8221; text_line_height=&#8221;2.1em&#8221; header_2_font=&#8221;|700|||||||&#8221; header_2_text_align=&#8221;center&#8221; header_2_text_color=&#8221;#0C71C3&#8243; header_2_line_height=&#8221;2.2em&#8221; header_3_text_align=&#8221;center&#8221; header_3_line_height=&#8221;2em&#8221; header_4_line_height=&#8221;3em&#8221; disabled=&#8221;on&#8221; global_colors_info=&#8221;{}&#8221;]<\/p>\n<h2>Le Manoir Kanisha fermera le 31 janvier 2025<\/h2>\n<h3>Texte r\u00e9dig\u00e9 par A\u00e9roport de Montr\u00e9al<\/h3>\n<p style=\"line-height: 30px; padding-bottom: 40px;\">Apr\u00e8s 35 ann\u00e9es consacr\u00e9es \u00e0 l\u2019h\u00e9bergement et \u00e0 la relocalisation internationale d\u2019animaux domestiques, le Manoir Kanisha cessera ses activit\u00e9s \u00e0 compter du 31 janvier 2025. ADM A\u00e9roports de Montr\u00e9al nous a inform\u00e9s de la n\u00e9cessit\u00e9 de r\u00e9cup\u00e9rer ces espaces strat\u00e9giques pour des usages li\u00e9s aux op\u00e9rations a\u00e9roportuaires.<\/p>\n<p style=\"line-height: 30px; padding-bottom: 40px;\">Bien que cette d\u00e9cision nous attriste profond\u00e9ment, nous comprenons l\u2019importance pour ADM de r\u00e9pondre aux besoins de ses usagers et de maintenir un niveau de service exemplaire. Dans ce contexte, nous avons pris la d\u00e9cision de ne pas relocaliser nos activit\u00e9s sur un autre site.<\/p>\n<p style=\"line-height: 30px; padding-bottom: 40px;\">Nous souhaitons exprimer notre gratitude infinie \u00e0 nos employ\u00e9s d\u00e9vou\u00e9s, dont le travail exceptionnel a permis d\u2019offrir des soins de grande qualit\u00e9 \u00e0 des milliers d\u2019animaux au fil des ann\u00e9es. \u00c0 notre fid\u00e8le client\u00e8le, qui nous a accompagn\u00e9s tout au long de ces 35 ann\u00e9es, nous adressons nos plus sinc\u00e8res remerciements pour la confiance et le soutien ind\u00e9fectible qu\u2019ils nous ont accord\u00e9s.<\/p>\n<p style=\"line-height: 30px; padding-bottom: 40px;\">Apr\u00e8s 35 ann\u00e9es de services d\u2019h\u00e9bergement et de relocalisation internationale d\u2019animaux domestiques, le Manoir Kanisha cessera ses activit\u00e9s \u00e0 compter du 31 janvier 2025. ADM A\u00e9roports de Montr\u00e9al nous a inform\u00e9s qu\u2019elle doit r\u00e9cup\u00e9rer ces espaces strat\u00e9giques localis\u00e9s pour un usage a\u00e9roportuaire. Bien que nous soyons attrist\u00e9s de cette situation, nous comprenons qu\u2019ADM doit privil\u00e9gier ses usagers et le maintien d\u2019un niveau de service. C\u2019est dans ce contexte que nous avons pris la d\u00e9cision de ne pas relocaliser nos activit\u00e9s sur un autre site. Nous tenons \u00e0 remercier nos employ\u00e9s d\u00e9vou\u00e9s qui ont offert d\u2019excellents soins aux milliers d\u2019animaux. Nous sommes tr\u00e8s reconnaissants \u00e0 notre fid\u00e8le client\u00e8le des 35 derni\u00e8res ann\u00e9es qui ont utilis\u00e9 nos services. \u00bb<\/p>\n<h4>Les journ\u00e9es non-utilis\u00e9es des FORFAITS de 28-JOURS-PR\u00c9PAY\u00c9S, seront rembours\u00e9s apr\u00e8s le 31 mars 2025.<\/h4>\n<p>[\/et_pb_text][\/et_pb_column][\/et_pb_row][\/et_pb_section]<\/p>\n","protected":false},"excerpt":{"rendered":"<p>Manoir Kanisha will close its doors on&#8230;<\/p>\n","protected":false},"author":2,"featured_media":0,"parent":0,"menu_order":0,"comment_status":"closed","ping_status":"closed","template":"full-width-page.php","meta":{"_et_pb_use_builder":"on","_et_pb_old_content":"","_et_gb_content_width":"","footnotes":""},"class_list":["post-28785","page","type-page","status-publish","hentry"],"yoast_head":"<!-- This site is optimized with the Yoast SEO plugin v27.5 - https:\/\/yoast.com\/product\/yoast-seo-wordpress\/ -->\n<title>Notice - Manoir Kanisha<\/title>\n<meta name=\"robots\" content=\"index, follow, max-snippet:-1, max-image-preview:large, max-video-preview:-1\" \/>\n<link rel=\"canonical\" href=\"https:\/\/manoirkanisha.com\/en\/notice\/\" \/>\n<meta property=\"og:locale\" content=\"en_US\" \/>\n<meta property=\"og:type\" content=\"article\" \/>\n<meta property=\"og:title\" content=\"Notice - Manoir Kanisha\" \/>\n<meta property=\"og:description\" content=\"Manoir Kanisha will close its doors on...\" \/>\n<meta property=\"og:url\" content=\"https:\/\/manoirkanisha.com\/en\/notice\/\" \/>\n<meta property=\"og:site_name\" content=\"Manoir Kanisha\" \/>\n<meta property=\"article:publisher\" content=\"https:\/\/www.facebook.com\/ManoirKanisha\/\" \/>\n<meta property=\"article:modified_time\" content=\"2025-07-05T22:46:38+00:00\" \/>\n<meta name=\"twitter:card\" content=\"summary_large_image\" \/>\n<meta name=\"twitter:label1\" content=\"Est. reading time\" \/>\n\t<meta name=\"twitter:data1\" content=\"1 minute\" \/>\n<script type=\"application\/ld+json\" class=\"yoast-schema-graph\">{\"@context\":\"https:\\\/\\\/schema.org\",\"@graph\":[{\"@type\":\"WebPage\",\"@id\":\"https:\\\/\\\/manoirkanisha.com\\\/en\\\/notice\\\/\",\"url\":\"https:\\\/\\\/manoirkanisha.com\\\/en\\\/notice\\\/\",\"name\":\"Notice - Manoir Kanisha\",\"isPartOf\":{\"@id\":\"https:\\\/\\\/manoirkanisha.com\\\/en\\\/#website\"},\"datePublished\":\"2025-01-18T17:31:50+00:00\",\"dateModified\":\"2025-07-05T22:46:38+00:00\",\"breadcrumb\":{\"@id\":\"https:\\\/\\\/manoirkanisha.com\\\/en\\\/notice\\\/#breadcrumb\"},\"inLanguage\":\"en-US\",\"potentialAction\":[{\"@type\":\"ReadAction\",\"target\":[\"https:\\\/\\\/manoirkanisha.com\\\/en\\\/notice\\\/\"]}]},{\"@type\":\"BreadcrumbList\",\"@id\":\"https:\\\/\\\/manoirkanisha.com\\\/en\\\/notice\\\/#breadcrumb\",\"itemListElement\":[{\"@type\":\"ListItem\",\"position\":1,\"name\":\"Home\",\"item\":\"https:\\\/\\\/manoirkanisha.com\\\/en\\\/\"},{\"@type\":\"ListItem\",\"position\":2,\"name\":\"Notice\"}]},{\"@type\":\"WebSite\",\"@id\":\"https:\\\/\\\/manoirkanisha.com\\\/en\\\/#website\",\"url\":\"https:\\\/\\\/manoirkanisha.com\\\/en\\\/\",\"name\":\"Manoir Kanisha\",\"description\":\"Pension pour chiens, Pension pour chats, Toilettage - Dorval, Montr\u00e9al, Qu\u00e9bec\",\"publisher\":{\"@id\":\"https:\\\/\\\/manoirkanisha.com\\\/en\\\/#organization\"},\"potentialAction\":[{\"@type\":\"SearchAction\",\"target\":{\"@type\":\"EntryPoint\",\"urlTemplate\":\"https:\\\/\\\/manoirkanisha.com\\\/en\\\/?s={search_term_string}\"},\"query-input\":{\"@type\":\"PropertyValueSpecification\",\"valueRequired\":true,\"valueName\":\"search_term_string\"}}],\"inLanguage\":\"en-US\"},{\"@type\":\"Organization\",\"@id\":\"https:\\\/\\\/manoirkanisha.com\\\/en\\\/#organization\",\"name\":\"Manoir Kanisha\",\"url\":\"https:\\\/\\\/manoirkanisha.com\\\/en\\\/\",\"logo\":{\"@type\":\"ImageObject\",\"inLanguage\":\"en-US\",\"@id\":\"https:\\\/\\\/manoirkanisha.com\\\/en\\\/#\\\/schema\\\/logo\\\/image\\\/\",\"url\":\"https:\\\/\\\/manoirkanisha.com\\\/wp-content\\\/uploads\\\/logo-manoir-kanisha-1200.png\",\"contentUrl\":\"https:\\\/\\\/manoirkanisha.com\\\/wp-content\\\/uploads\\\/logo-manoir-kanisha-1200.png\",\"width\":1200,\"height\":628,\"caption\":\"Manoir Kanisha\"},\"image\":{\"@id\":\"https:\\\/\\\/manoirkanisha.com\\\/en\\\/#\\\/schema\\\/logo\\\/image\\\/\"},\"sameAs\":[\"https:\\\/\\\/www.facebook.com\\\/ManoirKanisha\\\/\"]}]}<\/script>\n<!-- \/ Yoast SEO plugin. -->","yoast_head_json":{"title":"Notice - Manoir Kanisha","robots":{"index":"index","follow":"follow","max-snippet":"max-snippet:-1","max-image-preview":"max-image-preview:large","max-video-preview":"max-video-preview:-1"},"canonical":"https:\/\/manoirkanisha.com\/en\/notice\/","og_locale":"en_US","og_type":"article","og_title":"Notice - Manoir Kanisha","og_description":"Manoir Kanisha will close its doors on...","og_url":"https:\/\/manoirkanisha.com\/en\/notice\/","og_site_name":"Manoir Kanisha","article_publisher":"https:\/\/www.facebook.com\/ManoirKanisha\/","article_modified_time":"2025-07-05T22:46:38+00:00","twitter_card":"summary_large_image","twitter_misc":{"Est. reading time":"1 minute"},"schema":{"@context":"https:\/\/schema.org","@graph":[{"@type":"WebPage","@id":"https:\/\/manoirkanisha.com\/en\/notice\/","url":"https:\/\/manoirkanisha.com\/en\/notice\/","name":"Notice - Manoir Kanisha","isPartOf":{"@id":"https:\/\/manoirkanisha.com\/en\/#website"},"datePublished":"2025-01-18T17:31:50+00:00","dateModified":"2025-07-05T22:46:38+00:00","breadcrumb":{"@id":"https:\/\/manoirkanisha.com\/en\/notice\/#breadcrumb"},"inLanguage":"en-US","potentialAction":[{"@type":"ReadAction","target":["https:\/\/manoirkanisha.com\/en\/notice\/"]}]},{"@type":"BreadcrumbList","@id":"https:\/\/manoirkanisha.com\/en\/notice\/#breadcrumb","itemListElement":[{"@type":"ListItem","position":1,"name":"Home","item":"https:\/\/manoirkanisha.com\/en\/"},{"@type":"ListItem","position":2,"name":"Notice"}]},{"@type":"WebSite","@id":"https:\/\/manoirkanisha.com\/en\/#website","url":"https:\/\/manoirkanisha.com\/en\/","name":"Manoir Kanisha","description":"Pension pour chiens, Pension pour chats, Toilettage - Dorval, Montr\u00e9al, Qu\u00e9bec","publisher":{"@id":"https:\/\/manoirkanisha.com\/en\/#organization"},"potentialAction":[{"@type":"SearchAction","target":{"@type":"EntryPoint","urlTemplate":"https:\/\/manoirkanisha.com\/en\/?s={search_term_string}"},"query-input":{"@type":"PropertyValueSpecification","valueRequired":true,"valueName":"search_term_string"}}],"inLanguage":"en-US"},{"@type":"Organization","@id":"https:\/\/manoirkanisha.com\/en\/#organization","name":"Manoir Kanisha","url":"https:\/\/manoirkanisha.com\/en\/","logo":{"@type":"ImageObject","inLanguage":"en-US","@id":"https:\/\/manoirkanisha.com\/en\/#\/schema\/logo\/image\/","url":"https:\/\/manoirkanisha.com\/wp-content\/uploads\/logo-manoir-kanisha-1200.png","contentUrl":"https:\/\/manoirkanisha.com\/wp-content\/uploads\/logo-manoir-kanisha-1200.png","width":1200,"height":628,"caption":"Manoir Kanisha"},"image":{"@id":"https:\/\/manoirkanisha.com\/en\/#\/schema\/logo\/image\/"},"sameAs":["https:\/\/www.facebook.com\/ManoirKanisha\/"]}]}},"_links":{"self":[{"href":"https:\/\/manoirkanisha.com\/en\/wp-json\/wp\/v2\/pages\/28785","targetHints":{"allow":["GET"]}}],"collection":[{"href":"https:\/\/manoirkanisha.com\/en\/wp-json\/wp\/v2\/pages"}],"about":[{"href":"https:\/\/manoirkanisha.com\/en\/wp-json\/wp\/v2\/types\/page"}],"author":[{"embeddable":true,"href":"https:\/\/manoirkanisha.com\/en\/wp-json\/wp\/v2\/users\/2"}],"replies":[{"embeddable":true,"href":"https:\/\/manoirkanisha.com\/en\/wp-json\/wp\/v2\/comments?post=28785"}],"version-history":[{"count":19,"href":"https:\/\/manoirkanisha.com\/en\/wp-json\/wp\/v2\/pages\/28785\/revisions"}],"predecessor-version":[{"id":28817,"href":"https:\/\/manoirkanisha.com\/en\/wp-json\/wp\/v2\/pages\/28785\/revisions\/28817"}],"wp:attachment":[{"href":"https:\/\/manoirkanisha.com\/en\/wp-json\/wp\/v2\/media?parent=28785"}],"curies":[{"name":"wp","href":"https:\/\/api.w.org\/{rel}","templated":true}]}}