{"id":529,"date":"2023-06-24T16:23:01","date_gmt":"2023-06-24T21:23:01","guid":{"rendered":"https:\/\/manoirkanisha.com\/?page_id=529"},"modified":"2024-07-08T14:40:15","modified_gmt":"2024-07-08T19:40:15","slug":"pet-photography","status":"publish","type":"page","link":"https:\/\/manoirkanisha.com\/en\/home\/pet-photography\/","title":{"rendered":"11. Pet Photography"},"content":{"rendered":"<h3>Dog Photography, Cat Photography, Other Pet Photography\u2026<\/h3>\n<h3>\u00a0 \u00a0 \u00a0 \u00a0 \u00a0 \u00a0 \u00a0\u00a0A lifelong gift!<\/h3>\n<h4>You are only too aware that your Best Friend will not live as long as you. Chose our Pet Photography services. You will treasure these pictures for a long time.<\/h4>\n<p style=\"text-align: center;\"><\/p>\n<blockquote>\n<p>\u00ab Merci pour les jolies photos de notre Minou. Vous avez \u00e9t\u00e9 capable de capturer ses meilleures expressions. Nous gardons toujours avec nous ce livret de photos et nous les regardons souvent.\u00a0 Merci encore et \u00e0 tr\u00e8s bient\u00f4t lors de son prochain s\u00e9jour au Manoir Kanisha \u00bb\u00a0<br \/>\n<em>\u00a0 \u00a0 \u00a0 \u00a0 \u00a0 \u00a0 \u00a0 \u00a0 \u00a0 \u00a0 \u00a0 \u00a0 \u00a0 \u00a0 \u00a0 \u00a0 \u00a0 \u00a0 \u00a0 \u00a0 \u00a0 M. J. Lajoie<\/em><\/p>\n<\/blockquote>\n<h3>Cat Photography<\/h3>\n<p><img loading=\"lazy\" decoding=\"async\" class=\"aligncenter size-full wp-image-520\" src=\"https:\/\/manoirkanisha.com\/wp-content\/uploads\/services-chats-cats-photographie-photography-balou-montreal.png\" alt=\"\" width=\"631\" height=\"384\" \/><\/p>\n<p>What could you buy as a gift for a pet owner? Offer them a Manoir Kanisha Photo Session! They will be delighted with this original gift that will give years of pleasure.<\/p>\n<h3>Dog Photography<\/h3>\n<p><img loading=\"lazy\" decoding=\"async\" class=\"aligncenter size-full wp-image-660\" src=\"https:\/\/manoirkanisha.com\/wp-content\/uploads\/services-chiens-dogs-photography-yorky-juliette-e1340060749435.jpg\" alt=\"\" width=\"639\" height=\"596\" srcset=\"https:\/\/manoirkanisha.com\/wp-content\/uploads\/services-chiens-dogs-photography-yorky-juliette-e1340060749435.jpg 639w, https:\/\/manoirkanisha.com\/wp-content\/uploads\/services-chiens-dogs-photography-yorky-juliette-e1340060749435-300x280.jpg 300w\" sizes=\"(max-width: 639px) 100vw, 639px\" \/><\/p>\n<p><img loading=\"lazy\" decoding=\"async\" class=\"aligncenter size-full wp-image-27610\" src=\"https:\/\/manoirkanisha.com\/wp-content\/uploads\/german-shepherd-lightning-berger-allemand-manoir-kanisha-66-e1426724021986.jpg\" alt=\"\" width=\"641\" height=\"833\" srcset=\"https:\/\/manoirkanisha.com\/wp-content\/uploads\/german-shepherd-lightning-berger-allemand-manoir-kanisha-66-e1426724021986.jpg 641w, https:\/\/manoirkanisha.com\/wp-content\/uploads\/german-shepherd-lightning-berger-allemand-manoir-kanisha-66-e1426724021986-231x300.jpg 231w\" sizes=\"(max-width: 641px) 100vw, 641px\" \/><\/p>\n<h3>Other Pets\u201d photography<\/h3>\n<div style=\"text-align: center;\"><\/div>\n<blockquote>\n<p>\u201cDear Nicole, <br \/>\nYour photos of our two German Shepherds, ROXY and LIGHTNING, are magnificent! <br \/>\nWe miss both of them very much! <br \/>\nThank you so much for such for the photography session and the beautiful pictures.\u201d <br \/>\nWe will treasure them forever, <br \/>\n<em>\u00a0 \u00a0 \u00a0 \u00a0 \u00a0 \u00a0 \u00a0 \u00a0 \u00a0 \u00a0 \u00a0 \u00a0 \u00a0 \u00a0 \u00a0 \u00a0 \u00a0 \u00a0 \u00a0 \u00a0 \u00a0 <\/em>Elvie C.\u00a0<\/p>\n<\/blockquote>\n<p>&nbsp;<\/p>\n","protected":false},"excerpt":{"rendered":"<p>Dog Photography, Cat Photography, Other Pet Photography\u2026 \u00a0 \u00a0 \u00a0 \u00a0 \u00a0 \u00a0 \u00a0\u00a0A lifelong gift! You are only too aware that your Best Friend will not live as long as you. Chose our Pet Photography services. You will treasure<span class=\"ellipsis\">&hellip;<\/span><\/p>\n<div class=\"read-more\"><a href=\"https:\/\/manoirkanisha.com\/en\/home\/pet-photography\/\">Read more &#8250;<\/a><\/div>\n<p><!-- end of .read-more --><\/p>\n","protected":false},"author":2,"featured_media":660,"parent":2152,"menu_order":0,"comment_status":"closed","ping_status":"closed","template":"","meta":{"_et_pb_use_builder":"off","_et_pb_old_content":"","_et_gb_content_width":"","footnotes":""},"class_list":["post-529","page","type-page","status-publish","has-post-thumbnail","hentry"],"yoast_head":"<!-- This site is optimized with the Yoast SEO plugin v27.4 - https:\/\/yoast.com\/product\/yoast-seo-wordpress\/ -->\n<title>11. Pet Photography - Manoir Kanisha<\/title>\n<meta name=\"robots\" content=\"index, follow, max-snippet:-1, max-image-preview:large, max-video-preview:-1\" \/>\n<link rel=\"canonical\" href=\"https:\/\/manoirkanisha.com\/en\/home\/pet-photography\/\" \/>\n<meta property=\"og:locale\" content=\"en_US\" \/>\n<meta property=\"og:type\" content=\"article\" \/>\n<meta property=\"og:title\" content=\"11. Pet Photography - Manoir Kanisha\" \/>\n<meta property=\"og:description\" content=\"Dog Photography, Cat Photography, Other Pet Photography\u2026 \u00a0 \u00a0 \u00a0 \u00a0 \u00a0 \u00a0 \u00a0\u00a0A lifelong gift! You are only too aware that your Best Friend will not live as long as you. Chose our Pet Photography services. You will treasure&hellip;Read more &#8250;\" \/>\n<meta property=\"og:url\" content=\"https:\/\/manoirkanisha.com\/en\/home\/pet-photography\/\" \/>\n<meta property=\"og:site_name\" content=\"Manoir Kanisha\" \/>\n<meta property=\"article:publisher\" content=\"https:\/\/www.facebook.com\/ManoirKanisha\/\" \/>\n<meta property=\"article:modified_time\" content=\"2024-07-08T19:40:15+00:00\" \/>\n<meta property=\"og:image\" content=\"https:\/\/manoirkanisha.com\/wp-content\/uploads\/services-chiens-dogs-photography-yorky-juliette-e1340060749435.jpg\" \/>\n\t<meta property=\"og:image:width\" content=\"639\" \/>\n\t<meta property=\"og:image:height\" content=\"596\" \/>\n\t<meta property=\"og:image:type\" content=\"image\/jpeg\" \/>\n<meta name=\"twitter:card\" content=\"summary_large_image\" \/>\n<meta name=\"twitter:label1\" content=\"Est. reading time\" \/>\n\t<meta name=\"twitter:data1\" content=\"2 minutes\" \/>\n<script type=\"application\/ld+json\" class=\"yoast-schema-graph\">{\"@context\":\"https:\\\/\\\/schema.org\",\"@graph\":[{\"@type\":\"WebPage\",\"@id\":\"https:\\\/\\\/manoirkanisha.com\\\/en\\\/home\\\/pet-photography\\\/\",\"url\":\"https:\\\/\\\/manoirkanisha.com\\\/en\\\/home\\\/pet-photography\\\/\",\"name\":\"11. Pet Photography - Manoir Kanisha\",\"isPartOf\":{\"@id\":\"https:\\\/\\\/manoirkanisha.com\\\/en\\\/#website\"},\"primaryImageOfPage\":{\"@id\":\"https:\\\/\\\/manoirkanisha.com\\\/en\\\/home\\\/pet-photography\\\/#primaryimage\"},\"image\":{\"@id\":\"https:\\\/\\\/manoirkanisha.com\\\/en\\\/home\\\/pet-photography\\\/#primaryimage\"},\"thumbnailUrl\":\"https:\\\/\\\/manoirkanisha.com\\\/wp-content\\\/uploads\\\/services-chiens-dogs-photography-yorky-juliette-e1340060749435.jpg\",\"datePublished\":\"2023-06-24T21:23:01+00:00\",\"dateModified\":\"2024-07-08T19:40:15+00:00\",\"breadcrumb\":{\"@id\":\"https:\\\/\\\/manoirkanisha.com\\\/en\\\/home\\\/pet-photography\\\/#breadcrumb\"},\"inLanguage\":\"en-US\",\"potentialAction\":[{\"@type\":\"ReadAction\",\"target\":[\"https:\\\/\\\/manoirkanisha.com\\\/en\\\/home\\\/pet-photography\\\/\"]}]},{\"@type\":\"ImageObject\",\"inLanguage\":\"en-US\",\"@id\":\"https:\\\/\\\/manoirkanisha.com\\\/en\\\/home\\\/pet-photography\\\/#primaryimage\",\"url\":\"https:\\\/\\\/manoirkanisha.com\\\/wp-content\\\/uploads\\\/services-chiens-dogs-photography-yorky-juliette-e1340060749435.jpg\",\"contentUrl\":\"https:\\\/\\\/manoirkanisha.com\\\/wp-content\\\/uploads\\\/services-chiens-dogs-photography-yorky-juliette-e1340060749435.jpg\",\"width\":639,\"height\":596},{\"@type\":\"BreadcrumbList\",\"@id\":\"https:\\\/\\\/manoirkanisha.com\\\/en\\\/home\\\/pet-photography\\\/#breadcrumb\",\"itemListElement\":[{\"@type\":\"ListItem\",\"position\":1,\"name\":\"Home\",\"item\":\"https:\\\/\\\/manoirkanisha.com\\\/en\\\/\"},{\"@type\":\"ListItem\",\"position\":2,\"name\":\"Home | Pet Boarding | Relocation of your pets | Dorval, Quebec, Canada\",\"item\":\"https:\\\/\\\/manoirkanisha.com\\\/en\\\/\"},{\"@type\":\"ListItem\",\"position\":3,\"name\":\"11. Pet Photography\"}]},{\"@type\":\"WebSite\",\"@id\":\"https:\\\/\\\/manoirkanisha.com\\\/en\\\/#website\",\"url\":\"https:\\\/\\\/manoirkanisha.com\\\/en\\\/\",\"name\":\"Manoir Kanisha\",\"description\":\"Pension pour chiens, Pension pour chats, Toilettage - Dorval, Montr\u00e9al, Qu\u00e9bec\",\"publisher\":{\"@id\":\"https:\\\/\\\/manoirkanisha.com\\\/en\\\/#organization\"},\"potentialAction\":[{\"@type\":\"SearchAction\",\"target\":{\"@type\":\"EntryPoint\",\"urlTemplate\":\"https:\\\/\\\/manoirkanisha.com\\\/en\\\/?s={search_term_string}\"},\"query-input\":{\"@type\":\"PropertyValueSpecification\",\"valueRequired\":true,\"valueName\":\"search_term_string\"}}],\"inLanguage\":\"en-US\"},{\"@type\":\"Organization\",\"@id\":\"https:\\\/\\\/manoirkanisha.com\\\/en\\\/#organization\",\"name\":\"Manoir Kanisha\",\"url\":\"https:\\\/\\\/manoirkanisha.com\\\/en\\\/\",\"logo\":{\"@type\":\"ImageObject\",\"inLanguage\":\"en-US\",\"@id\":\"https:\\\/\\\/manoirkanisha.com\\\/en\\\/#\\\/schema\\\/logo\\\/image\\\/\",\"url\":\"https:\\\/\\\/manoirkanisha.com\\\/wp-content\\\/uploads\\\/logo-manoir-kanisha-1200.png\",\"contentUrl\":\"https:\\\/\\\/manoirkanisha.com\\\/wp-content\\\/uploads\\\/logo-manoir-kanisha-1200.png\",\"width\":1200,\"height\":628,\"caption\":\"Manoir Kanisha\"},\"image\":{\"@id\":\"https:\\\/\\\/manoirkanisha.com\\\/en\\\/#\\\/schema\\\/logo\\\/image\\\/\"},\"sameAs\":[\"https:\\\/\\\/www.facebook.com\\\/ManoirKanisha\\\/\"]}]}<\/script>\n<!-- \/ Yoast SEO plugin. -->","yoast_head_json":{"title":"11. Pet Photography - Manoir Kanisha","robots":{"index":"index","follow":"follow","max-snippet":"max-snippet:-1","max-image-preview":"max-image-preview:large","max-video-preview":"max-video-preview:-1"},"canonical":"https:\/\/manoirkanisha.com\/en\/home\/pet-photography\/","og_locale":"en_US","og_type":"article","og_title":"11. Pet Photography - Manoir Kanisha","og_description":"Dog Photography, Cat Photography, Other Pet Photography\u2026 \u00a0 \u00a0 \u00a0 \u00a0 \u00a0 \u00a0 \u00a0\u00a0A lifelong gift! You are only too aware that your Best Friend will not live as long as you. Chose our Pet Photography services. You will treasure&hellip;Read more &#8250;","og_url":"https:\/\/manoirkanisha.com\/en\/home\/pet-photography\/","og_site_name":"Manoir Kanisha","article_publisher":"https:\/\/www.facebook.com\/ManoirKanisha\/","article_modified_time":"2024-07-08T19:40:15+00:00","og_image":[{"width":639,"height":596,"url":"https:\/\/manoirkanisha.com\/wp-content\/uploads\/services-chiens-dogs-photography-yorky-juliette-e1340060749435.jpg","type":"image\/jpeg"}],"twitter_card":"summary_large_image","twitter_misc":{"Est. reading time":"2 minutes"},"schema":{"@context":"https:\/\/schema.org","@graph":[{"@type":"WebPage","@id":"https:\/\/manoirkanisha.com\/en\/home\/pet-photography\/","url":"https:\/\/manoirkanisha.com\/en\/home\/pet-photography\/","name":"11. Pet Photography - Manoir Kanisha","isPartOf":{"@id":"https:\/\/manoirkanisha.com\/en\/#website"},"primaryImageOfPage":{"@id":"https:\/\/manoirkanisha.com\/en\/home\/pet-photography\/#primaryimage"},"image":{"@id":"https:\/\/manoirkanisha.com\/en\/home\/pet-photography\/#primaryimage"},"thumbnailUrl":"https:\/\/manoirkanisha.com\/wp-content\/uploads\/services-chiens-dogs-photography-yorky-juliette-e1340060749435.jpg","datePublished":"2023-06-24T21:23:01+00:00","dateModified":"2024-07-08T19:40:15+00:00","breadcrumb":{"@id":"https:\/\/manoirkanisha.com\/en\/home\/pet-photography\/#breadcrumb"},"inLanguage":"en-US","potentialAction":[{"@type":"ReadAction","target":["https:\/\/manoirkanisha.com\/en\/home\/pet-photography\/"]}]},{"@type":"ImageObject","inLanguage":"en-US","@id":"https:\/\/manoirkanisha.com\/en\/home\/pet-photography\/#primaryimage","url":"https:\/\/manoirkanisha.com\/wp-content\/uploads\/services-chiens-dogs-photography-yorky-juliette-e1340060749435.jpg","contentUrl":"https:\/\/manoirkanisha.com\/wp-content\/uploads\/services-chiens-dogs-photography-yorky-juliette-e1340060749435.jpg","width":639,"height":596},{"@type":"BreadcrumbList","@id":"https:\/\/manoirkanisha.com\/en\/home\/pet-photography\/#breadcrumb","itemListElement":[{"@type":"ListItem","position":1,"name":"Home","item":"https:\/\/manoirkanisha.com\/en\/"},{"@type":"ListItem","position":2,"name":"Home | Pet Boarding | Relocation of your pets | Dorval, Quebec, Canada","item":"https:\/\/manoirkanisha.com\/en\/"},{"@type":"ListItem","position":3,"name":"11. Pet Photography"}]},{"@type":"WebSite","@id":"https:\/\/manoirkanisha.com\/en\/#website","url":"https:\/\/manoirkanisha.com\/en\/","name":"Manoir Kanisha","description":"Pension pour chiens, Pension pour chats, Toilettage - Dorval, Montr\u00e9al, Qu\u00e9bec","publisher":{"@id":"https:\/\/manoirkanisha.com\/en\/#organization"},"potentialAction":[{"@type":"SearchAction","target":{"@type":"EntryPoint","urlTemplate":"https:\/\/manoirkanisha.com\/en\/?s={search_term_string}"},"query-input":{"@type":"PropertyValueSpecification","valueRequired":true,"valueName":"search_term_string"}}],"inLanguage":"en-US"},{"@type":"Organization","@id":"https:\/\/manoirkanisha.com\/en\/#organization","name":"Manoir Kanisha","url":"https:\/\/manoirkanisha.com\/en\/","logo":{"@type":"ImageObject","inLanguage":"en-US","@id":"https:\/\/manoirkanisha.com\/en\/#\/schema\/logo\/image\/","url":"https:\/\/manoirkanisha.com\/wp-content\/uploads\/logo-manoir-kanisha-1200.png","contentUrl":"https:\/\/manoirkanisha.com\/wp-content\/uploads\/logo-manoir-kanisha-1200.png","width":1200,"height":628,"caption":"Manoir Kanisha"},"image":{"@id":"https:\/\/manoirkanisha.com\/en\/#\/schema\/logo\/image\/"},"sameAs":["https:\/\/www.facebook.com\/ManoirKanisha\/"]}]}},"_links":{"self":[{"href":"https:\/\/manoirkanisha.com\/en\/wp-json\/wp\/v2\/pages\/529","targetHints":{"allow":["GET"]}}],"collection":[{"href":"https:\/\/manoirkanisha.com\/en\/wp-json\/wp\/v2\/pages"}],"about":[{"href":"https:\/\/manoirkanisha.com\/en\/wp-json\/wp\/v2\/types\/page"}],"author":[{"embeddable":true,"href":"https:\/\/manoirkanisha.com\/en\/wp-json\/wp\/v2\/users\/2"}],"replies":[{"embeddable":true,"href":"https:\/\/manoirkanisha.com\/en\/wp-json\/wp\/v2\/comments?post=529"}],"version-history":[{"count":8,"href":"https:\/\/manoirkanisha.com\/en\/wp-json\/wp\/v2\/pages\/529\/revisions"}],"predecessor-version":[{"id":28410,"href":"https:\/\/manoirkanisha.com\/en\/wp-json\/wp\/v2\/pages\/529\/revisions\/28410"}],"up":[{"embeddable":true,"href":"https:\/\/manoirkanisha.com\/en\/wp-json\/wp\/v2\/pages\/2152"}],"wp:featuredmedia":[{"embeddable":true,"href":"https:\/\/manoirkanisha.com\/en\/wp-json\/wp\/v2\/media\/660"}],"wp:attachment":[{"href":"https:\/\/manoirkanisha.com\/en\/wp-json\/wp\/v2\/media?parent=529"}],"curies":[{"name":"wp","href":"https:\/\/api.w.org\/{rel}","templated":true}]}}